{"id":11234,"date":"2025-10-19T10:34:36","date_gmt":"2025-10-19T15:34:36","guid":{"rendered":"https:\/\/fermerecreativecaza.com\/?post_type=product&#038;p=11234"},"modified":"2026-03-30T13:07:24","modified_gmt":"2026-03-30T18:07:24","slug":"double-layer-beanie-100-baby-alpaca","status":"publish","type":"product","link":"https:\/\/fermerecreativecaza.com\/en\/produit\/double-layer-beanie-100-baby-alpaca\/","title":{"rendered":"Double-Layer Beanie \u2013 100% Baby Alpaca"},"content":{"rendered":"<p>Alpaca fiber properties are:<\/p>\n<ul>\n<li>7 times warmer than sheep&#8217;s wool.<\/li>\n<li>A hollow fiber that acts as a natural insulator by retaining body heat and wicking away moisture.<\/li>\n<li>Soft, non-irritating and does not sting.<\/li>\n<li>Hypoallergenic (no lanolin present in sheep, mohair or angora wool).<\/li>\n<li>3 times stronger than sheep&#8217;s wool.<\/li>\n<li>Available in 22 natural colors.<\/li>\n<\/ul>\n","protected":false},"excerpt":{"rendered":"<p data-start=\"272\" data-end=\"576\">Soft, warm, and elegant, this double-layer beanie is knit entirely from<strong data-start=\"346\" data-end=\"361\"> baby alpaca<\/strong>, a fibre prized for its fineness and exceptional comfort.<\/p>\n<p data-start=\"272\" data-end=\"576\"><br data-start=\"426\" data-end=\"429\" \/>Its double thickness provides natural warmth while remaining lightweight and breathable \u2014 perfect for facing cold days in style.<\/p>\n<p data-start=\"578\" data-end=\"762\">With its simple, minimalist design, it suits both men and women.<\/p>\n<p data-start=\"578\" data-end=\"762\"><br data-start=\"650\" data-end=\"653\" \/>Thanks to the natural elasticity of alpaca, it comfortably adapts to all head sizes.<\/p>\n","protected":false},"featured_media":11231,"comment_status":"open","ping_status":"closed","template":"","meta":[],"product_brand":[],"product_cat":[474],"product_tag":[],"class_list":{"0":"post-11234","1":"product","2":"type-product","3":"status-publish","4":"has-post-thumbnail","6":"product_cat-accessories","7":"pa_couleur-gris","8":"pa_couleur-naturel","10":"first","11":"instock","12":"taxable","13":"shipping-taxable","14":"purchasable","15":"product-type-variable"},"yoast_head":"<!-- This site is optimized with the Yoast SEO plugin v27.4 - https:\/\/yoast.com\/product\/yoast-seo-wordpress\/ -->\n<title>Double-Layer Beanie \u2013 100% Baby Alpaca &#8211; Ferme r\u00e9cr\u00e9ative Caza<\/title>\n<meta name=\"description\" content=\"Tuque double en 100 % b\u00e9b\u00e9 alpaga, douce, chaude et respirante. Unisexe et taille unique, parfaite pour affronter l\u2019hiver avec confort et style.\" \/>\n<meta name=\"robots\" content=\"index, follow, max-snippet:-1, max-image-preview:large, max-video-preview:-1\" \/>\n<link rel=\"canonical\" href=\"https:\/\/fermerecreativecaza.com\/en\/produit\/double-layer-beanie-100-baby-alpaca\/\" \/>\n<meta property=\"og:locale\" content=\"en_US\" \/>\n<meta property=\"og:type\" content=\"article\" \/>\n<meta property=\"og:title\" content=\"Double-Layer Beanie \u2013 100% Baby Alpaca &#8211; Ferme r\u00e9cr\u00e9ative Caza\" \/>\n<meta property=\"og:description\" content=\"Tuque double en 100 % b\u00e9b\u00e9 alpaga, douce, chaude et respirante. Unisexe et taille unique, parfaite pour affronter l\u2019hiver avec confort et style.\" \/>\n<meta property=\"og:url\" content=\"https:\/\/fermerecreativecaza.com\/en\/produit\/double-layer-beanie-100-baby-alpaca\/\" \/>\n<meta property=\"og:site_name\" content=\"Ferme r\u00e9cr\u00e9ative Caza\" \/>\n<meta property=\"article:publisher\" content=\"https:\/\/www.facebook.com\/fermerecreativecaza\" \/>\n<meta property=\"article:modified_time\" content=\"2026-03-30T18:07:24+00:00\" \/>\n<meta property=\"og:image\" content=\"https:\/\/fermerecreativecaza.com\/wp-content\/uploads\/2025\/10\/Tuque-double-100-alpaga-naturel-scaled.jpg\" \/>\n\t<meta property=\"og:image:width\" content=\"1200\" \/>\n\t<meta property=\"og:image:height\" content=\"1200\" \/>\n\t<meta property=\"og:image:type\" content=\"image\/jpeg\" \/>\n<meta name=\"twitter:card\" content=\"summary_large_image\" \/>\n<script type=\"application\/ld+json\" class=\"yoast-schema-graph\">{\"@context\":\"https:\\\/\\\/schema.org\",\"@graph\":[{\"@type\":\"WebPage\",\"@id\":\"https:\\\/\\\/fermerecreativecaza.com\\\/en\\\/produit\\\/double-layer-beanie-100-baby-alpaca\\\/\",\"url\":\"https:\\\/\\\/fermerecreativecaza.com\\\/en\\\/produit\\\/double-layer-beanie-100-baby-alpaca\\\/\",\"name\":\"Double-Layer Beanie \u2013 100% Baby Alpaca &#8211; Ferme r\u00e9cr\u00e9ative Caza\",\"isPartOf\":{\"@id\":\"https:\\\/\\\/fermerecreativecaza.com\\\/en\\\/#website\"},\"primaryImageOfPage\":{\"@id\":\"https:\\\/\\\/fermerecreativecaza.com\\\/en\\\/produit\\\/double-layer-beanie-100-baby-alpaca\\\/#primaryimage\"},\"image\":{\"@id\":\"https:\\\/\\\/fermerecreativecaza.com\\\/en\\\/produit\\\/double-layer-beanie-100-baby-alpaca\\\/#primaryimage\"},\"thumbnailUrl\":\"https:\\\/\\\/fermerecreativecaza.com\\\/wp-content\\\/uploads\\\/2025\\\/10\\\/Tuque-double-100-alpaga-naturel-scaled.jpg\",\"datePublished\":\"2025-10-19T15:34:36+00:00\",\"dateModified\":\"2026-03-30T18:07:24+00:00\",\"description\":\"Tuque double en 100 % b\u00e9b\u00e9 alpaga, douce, chaude et respirante. Unisexe et taille unique, parfaite pour affronter l\u2019hiver avec confort et style.\",\"breadcrumb\":{\"@id\":\"https:\\\/\\\/fermerecreativecaza.com\\\/en\\\/produit\\\/double-layer-beanie-100-baby-alpaca\\\/#breadcrumb\"},\"inLanguage\":\"en-US\",\"potentialAction\":[{\"@type\":\"ReadAction\",\"target\":[\"https:\\\/\\\/fermerecreativecaza.com\\\/en\\\/produit\\\/double-layer-beanie-100-baby-alpaca\\\/\"]}]},{\"@type\":\"ImageObject\",\"inLanguage\":\"en-US\",\"@id\":\"https:\\\/\\\/fermerecreativecaza.com\\\/en\\\/produit\\\/double-layer-beanie-100-baby-alpaca\\\/#primaryimage\",\"url\":\"https:\\\/\\\/fermerecreativecaza.com\\\/wp-content\\\/uploads\\\/2025\\\/10\\\/Tuque-double-100-alpaga-naturel-scaled.jpg\",\"contentUrl\":\"https:\\\/\\\/fermerecreativecaza.com\\\/wp-content\\\/uploads\\\/2025\\\/10\\\/Tuque-double-100-alpaga-naturel-scaled.jpg\",\"width\":1200,\"height\":1200},{\"@type\":\"BreadcrumbList\",\"@id\":\"https:\\\/\\\/fermerecreativecaza.com\\\/en\\\/produit\\\/double-layer-beanie-100-baby-alpaca\\\/#breadcrumb\",\"itemListElement\":[{\"@type\":\"ListItem\",\"position\":1,\"name\":\"Accueil\",\"item\":\"https:\\\/\\\/fermerecreativecaza.com\\\/en\\\/homepage\\\/\"},{\"@type\":\"ListItem\",\"position\":2,\"name\":\"Boutique\",\"item\":\"https:\\\/\\\/fermerecreativecaza.com\\\/?page_id=40\"},{\"@type\":\"ListItem\",\"position\":3,\"name\":\"Double-Layer Beanie \u2013 100% Baby Alpaca\"}]},{\"@type\":\"WebSite\",\"@id\":\"https:\\\/\\\/fermerecreativecaza.com\\\/en\\\/#website\",\"url\":\"https:\\\/\\\/fermerecreativecaza.com\\\/en\\\/\",\"name\":\"Ferme r\u00e9cr\u00e9ative Caza\",\"description\":\"My site\",\"publisher\":{\"@id\":\"https:\\\/\\\/fermerecreativecaza.com\\\/en\\\/#organization\"},\"alternateName\":\"Ferme R\u00e9cr\u00e9ative Caza\",\"potentialAction\":[{\"@type\":\"SearchAction\",\"target\":{\"@type\":\"EntryPoint\",\"urlTemplate\":\"https:\\\/\\\/fermerecreativecaza.com\\\/en\\\/?s={search_term_string}\"},\"query-input\":{\"@type\":\"PropertyValueSpecification\",\"valueRequired\":true,\"valueName\":\"search_term_string\"}}],\"inLanguage\":\"en-US\"},{\"@type\":\"Organization\",\"@id\":\"https:\\\/\\\/fermerecreativecaza.com\\\/en\\\/#organization\",\"name\":\"Ferme R\u00e9cr\u00e9ative Caza et Alpagas\",\"url\":\"https:\\\/\\\/fermerecreativecaza.com\\\/en\\\/\",\"logo\":{\"@type\":\"ImageObject\",\"inLanguage\":\"en-US\",\"@id\":\"https:\\\/\\\/fermerecreativecaza.com\\\/en\\\/#\\\/schema\\\/logo\\\/image\\\/\",\"url\":\"\",\"contentUrl\":\"\",\"caption\":\"Ferme R\u00e9cr\u00e9ative Caza et Alpagas\"},\"image\":{\"@id\":\"https:\\\/\\\/fermerecreativecaza.com\\\/en\\\/#\\\/schema\\\/logo\\\/image\\\/\"},\"sameAs\":[\"https:\\\/\\\/www.facebook.com\\\/fermerecreativecaza\",\"https:\\\/\\\/www.pinterest.ca\\\/julie_3583\\\/\",\"https:\\\/\\\/www.instagram.com\\\/fermerecreativecaza\"]}]}<\/script>\n<!-- \/ Yoast SEO plugin. -->","yoast_head_json":{"title":"Double-Layer Beanie \u2013 100% Baby Alpaca &#8211; Ferme r\u00e9cr\u00e9ative Caza","description":"Tuque double en 100 % b\u00e9b\u00e9 alpaga, douce, chaude et respirante. Unisexe et taille unique, parfaite pour affronter l\u2019hiver avec confort et style.","robots":{"index":"index","follow":"follow","max-snippet":"max-snippet:-1","max-image-preview":"max-image-preview:large","max-video-preview":"max-video-preview:-1"},"canonical":"https:\/\/fermerecreativecaza.com\/en\/produit\/double-layer-beanie-100-baby-alpaca\/","og_locale":"en_US","og_type":"article","og_title":"Double-Layer Beanie \u2013 100% Baby Alpaca &#8211; Ferme r\u00e9cr\u00e9ative Caza","og_description":"Tuque double en 100 % b\u00e9b\u00e9 alpaga, douce, chaude et respirante. Unisexe et taille unique, parfaite pour affronter l\u2019hiver avec confort et style.","og_url":"https:\/\/fermerecreativecaza.com\/en\/produit\/double-layer-beanie-100-baby-alpaca\/","og_site_name":"Ferme r\u00e9cr\u00e9ative Caza","article_publisher":"https:\/\/www.facebook.com\/fermerecreativecaza","article_modified_time":"2026-03-30T18:07:24+00:00","og_image":[{"width":1200,"height":1200,"url":"https:\/\/fermerecreativecaza.com\/wp-content\/uploads\/2025\/10\/Tuque-double-100-alpaga-naturel-scaled.jpg","type":"image\/jpeg"}],"twitter_card":"summary_large_image","schema":{"@context":"https:\/\/schema.org","@graph":[{"@type":"WebPage","@id":"https:\/\/fermerecreativecaza.com\/en\/produit\/double-layer-beanie-100-baby-alpaca\/","url":"https:\/\/fermerecreativecaza.com\/en\/produit\/double-layer-beanie-100-baby-alpaca\/","name":"Double-Layer Beanie \u2013 100% Baby Alpaca &#8211; Ferme r\u00e9cr\u00e9ative Caza","isPartOf":{"@id":"https:\/\/fermerecreativecaza.com\/en\/#website"},"primaryImageOfPage":{"@id":"https:\/\/fermerecreativecaza.com\/en\/produit\/double-layer-beanie-100-baby-alpaca\/#primaryimage"},"image":{"@id":"https:\/\/fermerecreativecaza.com\/en\/produit\/double-layer-beanie-100-baby-alpaca\/#primaryimage"},"thumbnailUrl":"https:\/\/fermerecreativecaza.com\/wp-content\/uploads\/2025\/10\/Tuque-double-100-alpaga-naturel-scaled.jpg","datePublished":"2025-10-19T15:34:36+00:00","dateModified":"2026-03-30T18:07:24+00:00","description":"Tuque double en 100 % b\u00e9b\u00e9 alpaga, douce, chaude et respirante. Unisexe et taille unique, parfaite pour affronter l\u2019hiver avec confort et style.","breadcrumb":{"@id":"https:\/\/fermerecreativecaza.com\/en\/produit\/double-layer-beanie-100-baby-alpaca\/#breadcrumb"},"inLanguage":"en-US","potentialAction":[{"@type":"ReadAction","target":["https:\/\/fermerecreativecaza.com\/en\/produit\/double-layer-beanie-100-baby-alpaca\/"]}]},{"@type":"ImageObject","inLanguage":"en-US","@id":"https:\/\/fermerecreativecaza.com\/en\/produit\/double-layer-beanie-100-baby-alpaca\/#primaryimage","url":"https:\/\/fermerecreativecaza.com\/wp-content\/uploads\/2025\/10\/Tuque-double-100-alpaga-naturel-scaled.jpg","contentUrl":"https:\/\/fermerecreativecaza.com\/wp-content\/uploads\/2025\/10\/Tuque-double-100-alpaga-naturel-scaled.jpg","width":1200,"height":1200},{"@type":"BreadcrumbList","@id":"https:\/\/fermerecreativecaza.com\/en\/produit\/double-layer-beanie-100-baby-alpaca\/#breadcrumb","itemListElement":[{"@type":"ListItem","position":1,"name":"Accueil","item":"https:\/\/fermerecreativecaza.com\/en\/homepage\/"},{"@type":"ListItem","position":2,"name":"Boutique","item":"https:\/\/fermerecreativecaza.com\/?page_id=40"},{"@type":"ListItem","position":3,"name":"Double-Layer Beanie \u2013 100% Baby Alpaca"}]},{"@type":"WebSite","@id":"https:\/\/fermerecreativecaza.com\/en\/#website","url":"https:\/\/fermerecreativecaza.com\/en\/","name":"Ferme r\u00e9cr\u00e9ative Caza","description":"My site","publisher":{"@id":"https:\/\/fermerecreativecaza.com\/en\/#organization"},"alternateName":"Ferme R\u00e9cr\u00e9ative Caza","potentialAction":[{"@type":"SearchAction","target":{"@type":"EntryPoint","urlTemplate":"https:\/\/fermerecreativecaza.com\/en\/?s={search_term_string}"},"query-input":{"@type":"PropertyValueSpecification","valueRequired":true,"valueName":"search_term_string"}}],"inLanguage":"en-US"},{"@type":"Organization","@id":"https:\/\/fermerecreativecaza.com\/en\/#organization","name":"Ferme R\u00e9cr\u00e9ative Caza et Alpagas","url":"https:\/\/fermerecreativecaza.com\/en\/","logo":{"@type":"ImageObject","inLanguage":"en-US","@id":"https:\/\/fermerecreativecaza.com\/en\/#\/schema\/logo\/image\/","url":"","contentUrl":"","caption":"Ferme R\u00e9cr\u00e9ative Caza et Alpagas"},"image":{"@id":"https:\/\/fermerecreativecaza.com\/en\/#\/schema\/logo\/image\/"},"sameAs":["https:\/\/www.facebook.com\/fermerecreativecaza","https:\/\/www.pinterest.ca\/julie_3583\/","https:\/\/www.instagram.com\/fermerecreativecaza"]}]}},"_links":{"self":[{"href":"https:\/\/fermerecreativecaza.com\/en\/wp-json\/wp\/v2\/product\/11234","targetHints":{"allow":["GET"]}}],"collection":[{"href":"https:\/\/fermerecreativecaza.com\/en\/wp-json\/wp\/v2\/product"}],"about":[{"href":"https:\/\/fermerecreativecaza.com\/en\/wp-json\/wp\/v2\/types\/product"}],"replies":[{"embeddable":true,"href":"https:\/\/fermerecreativecaza.com\/en\/wp-json\/wp\/v2\/comments?post=11234"}],"wp:featuredmedia":[{"embeddable":true,"href":"https:\/\/fermerecreativecaza.com\/en\/wp-json\/wp\/v2\/media\/11231"}],"wp:attachment":[{"href":"https:\/\/fermerecreativecaza.com\/en\/wp-json\/wp\/v2\/media?parent=11234"}],"wp:term":[{"taxonomy":"product_brand","embeddable":true,"href":"https:\/\/fermerecreativecaza.com\/en\/wp-json\/wp\/v2\/product_brand?post=11234"},{"taxonomy":"product_cat","embeddable":true,"href":"https:\/\/fermerecreativecaza.com\/en\/wp-json\/wp\/v2\/product_cat?post=11234"},{"taxonomy":"product_tag","embeddable":true,"href":"https:\/\/fermerecreativecaza.com\/en\/wp-json\/wp\/v2\/product_tag?post=11234"}],"curies":[{"name":"wp","href":"https:\/\/api.w.org\/{rel}","templated":true}]}}