{"id":6668,"date":"2023-01-22T21:54:56","date_gmt":"2023-01-23T01:54:56","guid":{"rendered":"https:\/\/fermerecreativecaza.com\/?post_type=product&#038;p=6668"},"modified":"2026-03-30T13:54:42","modified_gmt":"2026-03-30T18:54:42","slug":"fibre-dalpaga-cardee-couleur-brune-grade-2-copie","status":"publish","type":"product","link":"https:\/\/fermerecreativecaza.com\/en\/produit\/fibre-dalpaga-cardee-couleur-brune-grade-2-copie\/","title":{"rendered":"Fibre d&#8217;alpaga card\u00e9e de couleur brune grade 2"},"content":{"rendered":"<p>La fibre d&#8217;alpaga existe en diff\u00e9rentes qualit\u00e9s. Le grade 0 est le plus doux et il est appel\u00e9 Super Royal ou Baby Royal. Elle a un nombre de microns compris entre 13 et 17. Le grade 1 est appel\u00e9 Royal et a un nombre de microns de 17 \u00e0 19,9. Le grade 2 est appel\u00e9 Baby et a un nombre de microns de 20 \u00e0 22,9. Le grade 3 est appel\u00e9 Superfine et a un nombre de microns de 23 \u00e0 25,9, tandis que le grade 4 est appel\u00e9 Medium avec 26 \u00e0 28,9 microns, et le grade 5 (Adulte) qui a 29 \u00e0 32 microns, enfin le grade 6 qui a 32-1 &#8211; 35-1 microns<\/p>\n","protected":false},"excerpt":{"rendered":"<p>Les fibres naturelles d&#8217;alpaga apportent une douceur luxueuse au bout de vos doigts \u00e0 chaque contact. Notre ferme traite la fibre sans produits chimiques agressifs pour une sensation enti\u00e8rement naturelle qui est parfaite pour les projets cr\u00e9atifs comme le feutrage \u00e0 l&#8217;eau ou \u00e0 l&#8217;aiguille et le filage au rouet. La fibre de grade 2 est parfaite pour la cr\u00e9ations de produits qui seront port\u00e9s pr\u00e8s de la peau. M\u00eame les personnes \u00e0 la peau sensible peuvent appr\u00e9cier sa douceur.<\/p>\n<p>Dimensions de la nappe de fibre: 39&#8221; x 18&#8221;<\/p>\n","protected":false},"featured_media":6682,"comment_status":"open","ping_status":"closed","template":"","meta":[],"product_brand":[],"product_cat":[477],"product_tag":[],"class_list":{"0":"post-6668","1":"product","2":"type-product","3":"status-publish","4":"has-post-thumbnail","6":"product_cat-alpaca-fiber","7":"pa_poids-125-g","8":"pa_poids-135-g","9":"pa_poids-155-g","10":"pa_poids-160-g","12":"first","13":"instock","14":"taxable","15":"shipping-taxable","16":"purchasable","17":"product-type-variable"},"yoast_head":"<!-- This site is optimized with the Yoast SEO plugin v27.4 - https:\/\/yoast.com\/product\/yoast-seo-wordpress\/ -->\n<title>Fibre d&#039;alpaga card\u00e9e de couleur brune grade 2 &#8211; Ferme r\u00e9cr\u00e9ative Caza<\/title>\n<meta name=\"robots\" content=\"index, follow, max-snippet:-1, max-image-preview:large, max-video-preview:-1\" \/>\n<link rel=\"canonical\" href=\"https:\/\/fermerecreativecaza.com\/en\/produit\/fibre-dalpaga-cardee-couleur-brune-grade-2-copie\/\" \/>\n<meta property=\"og:locale\" content=\"en_US\" \/>\n<meta property=\"og:type\" content=\"article\" \/>\n<meta property=\"og:title\" content=\"Fibre d&#039;alpaga card\u00e9e de couleur brune grade 2 &#8211; Ferme r\u00e9cr\u00e9ative Caza\" \/>\n<meta property=\"og:description\" content=\"Les fibres naturelles d&#039;alpaga apportent une douceur luxueuse au bout de vos doigts \u00e0 chaque contact. Notre ferme traite la fibre sans produits chimiques agressifs pour une sensation enti\u00e8rement naturelle qui est parfaite pour les projets cr\u00e9atifs comme le feutrage \u00e0 l&#039;eau ou \u00e0 l&#039;aiguille et le filage au rouet. La fibre de grade 2 est parfaite pour la cr\u00e9ations de produits qui seront port\u00e9s pr\u00e8s de la peau. M\u00eame les personnes \u00e0 la peau sensible peuvent appr\u00e9cier sa douceur.  Dimensions de la nappe de fibre: 39&#039;&#039; x 18&#039;&#039;\" \/>\n<meta property=\"og:url\" content=\"https:\/\/fermerecreativecaza.com\/en\/produit\/fibre-dalpaga-cardee-couleur-brune-grade-2-copie\/\" \/>\n<meta property=\"og:site_name\" content=\"Ferme r\u00e9cr\u00e9ative Caza\" \/>\n<meta property=\"article:publisher\" content=\"https:\/\/www.facebook.com\/fermerecreativecaza\" \/>\n<meta property=\"article:modified_time\" content=\"2026-03-30T18:54:42+00:00\" \/>\n<meta property=\"og:image\" content=\"https:\/\/fermerecreativecaza.com\/wp-content\/uploads\/2023\/01\/butterscotch.png\" \/>\n\t<meta property=\"og:image:width\" content=\"1200\" \/>\n\t<meta property=\"og:image:height\" content=\"1200\" \/>\n\t<meta property=\"og:image:type\" content=\"image\/png\" \/>\n<meta name=\"twitter:card\" content=\"summary_large_image\" \/>\n<meta name=\"twitter:label1\" content=\"Est. reading time\" \/>\n\t<meta name=\"twitter:data1\" content=\"1 minute\" \/>\n<script type=\"application\/ld+json\" class=\"yoast-schema-graph\">{\"@context\":\"https:\\\/\\\/schema.org\",\"@graph\":[{\"@type\":\"WebPage\",\"@id\":\"https:\\\/\\\/fermerecreativecaza.com\\\/en\\\/produit\\\/fibre-dalpaga-cardee-couleur-brune-grade-2-copie\\\/\",\"url\":\"https:\\\/\\\/fermerecreativecaza.com\\\/en\\\/produit\\\/fibre-dalpaga-cardee-couleur-brune-grade-2-copie\\\/\",\"name\":\"Fibre d'alpaga card\u00e9e de couleur brune grade 2 &#8211; Ferme r\u00e9cr\u00e9ative Caza\",\"isPartOf\":{\"@id\":\"https:\\\/\\\/fermerecreativecaza.com\\\/en\\\/#website\"},\"primaryImageOfPage\":{\"@id\":\"https:\\\/\\\/fermerecreativecaza.com\\\/en\\\/produit\\\/fibre-dalpaga-cardee-couleur-brune-grade-2-copie\\\/#primaryimage\"},\"image\":{\"@id\":\"https:\\\/\\\/fermerecreativecaza.com\\\/en\\\/produit\\\/fibre-dalpaga-cardee-couleur-brune-grade-2-copie\\\/#primaryimage\"},\"thumbnailUrl\":\"https:\\\/\\\/fermerecreativecaza.com\\\/wp-content\\\/uploads\\\/2023\\\/01\\\/butterscotch.png\",\"datePublished\":\"2023-01-23T01:54:56+00:00\",\"dateModified\":\"2026-03-30T18:54:42+00:00\",\"breadcrumb\":{\"@id\":\"https:\\\/\\\/fermerecreativecaza.com\\\/en\\\/produit\\\/fibre-dalpaga-cardee-couleur-brune-grade-2-copie\\\/#breadcrumb\"},\"inLanguage\":\"en-US\",\"potentialAction\":[{\"@type\":\"ReadAction\",\"target\":[\"https:\\\/\\\/fermerecreativecaza.com\\\/en\\\/produit\\\/fibre-dalpaga-cardee-couleur-brune-grade-2-copie\\\/\"]}]},{\"@type\":\"ImageObject\",\"inLanguage\":\"en-US\",\"@id\":\"https:\\\/\\\/fermerecreativecaza.com\\\/en\\\/produit\\\/fibre-dalpaga-cardee-couleur-brune-grade-2-copie\\\/#primaryimage\",\"url\":\"https:\\\/\\\/fermerecreativecaza.com\\\/wp-content\\\/uploads\\\/2023\\\/01\\\/butterscotch.png\",\"contentUrl\":\"https:\\\/\\\/fermerecreativecaza.com\\\/wp-content\\\/uploads\\\/2023\\\/01\\\/butterscotch.png\",\"width\":1200,\"height\":1200,\"caption\":\"Ferme R\u00e9cr\u00e9ative Caza et Alpagas - Fibre d'alpaga card\u00e9e de couleur brune grade 2\"},{\"@type\":\"BreadcrumbList\",\"@id\":\"https:\\\/\\\/fermerecreativecaza.com\\\/en\\\/produit\\\/fibre-dalpaga-cardee-couleur-brune-grade-2-copie\\\/#breadcrumb\",\"itemListElement\":[{\"@type\":\"ListItem\",\"position\":1,\"name\":\"Accueil\",\"item\":\"https:\\\/\\\/fermerecreativecaza.com\\\/en\\\/homepage\\\/\"},{\"@type\":\"ListItem\",\"position\":2,\"name\":\"Boutique\",\"item\":\"https:\\\/\\\/fermerecreativecaza.com\\\/?page_id=40\"},{\"@type\":\"ListItem\",\"position\":3,\"name\":\"Fibre d&rsquo;alpaga card\u00e9e de couleur brune grade 2\"}]},{\"@type\":\"WebSite\",\"@id\":\"https:\\\/\\\/fermerecreativecaza.com\\\/en\\\/#website\",\"url\":\"https:\\\/\\\/fermerecreativecaza.com\\\/en\\\/\",\"name\":\"Ferme r\u00e9cr\u00e9ative Caza\",\"description\":\"My site\",\"publisher\":{\"@id\":\"https:\\\/\\\/fermerecreativecaza.com\\\/en\\\/#organization\"},\"alternateName\":\"Ferme R\u00e9cr\u00e9ative Caza\",\"potentialAction\":[{\"@type\":\"SearchAction\",\"target\":{\"@type\":\"EntryPoint\",\"urlTemplate\":\"https:\\\/\\\/fermerecreativecaza.com\\\/en\\\/?s={search_term_string}\"},\"query-input\":{\"@type\":\"PropertyValueSpecification\",\"valueRequired\":true,\"valueName\":\"search_term_string\"}}],\"inLanguage\":\"en-US\"},{\"@type\":\"Organization\",\"@id\":\"https:\\\/\\\/fermerecreativecaza.com\\\/en\\\/#organization\",\"name\":\"Ferme R\u00e9cr\u00e9ative Caza et Alpagas\",\"url\":\"https:\\\/\\\/fermerecreativecaza.com\\\/en\\\/\",\"logo\":{\"@type\":\"ImageObject\",\"inLanguage\":\"en-US\",\"@id\":\"https:\\\/\\\/fermerecreativecaza.com\\\/en\\\/#\\\/schema\\\/logo\\\/image\\\/\",\"url\":\"\",\"contentUrl\":\"\",\"caption\":\"Ferme R\u00e9cr\u00e9ative Caza et Alpagas\"},\"image\":{\"@id\":\"https:\\\/\\\/fermerecreativecaza.com\\\/en\\\/#\\\/schema\\\/logo\\\/image\\\/\"},\"sameAs\":[\"https:\\\/\\\/www.facebook.com\\\/fermerecreativecaza\",\"https:\\\/\\\/www.pinterest.ca\\\/julie_3583\\\/\",\"https:\\\/\\\/www.instagram.com\\\/fermerecreativecaza\"]}]}<\/script>\n<!-- \/ Yoast SEO plugin. -->","yoast_head_json":{"title":"Fibre d'alpaga card\u00e9e de couleur brune grade 2 &#8211; Ferme r\u00e9cr\u00e9ative Caza","robots":{"index":"index","follow":"follow","max-snippet":"max-snippet:-1","max-image-preview":"max-image-preview:large","max-video-preview":"max-video-preview:-1"},"canonical":"https:\/\/fermerecreativecaza.com\/en\/produit\/fibre-dalpaga-cardee-couleur-brune-grade-2-copie\/","og_locale":"en_US","og_type":"article","og_title":"Fibre d'alpaga card\u00e9e de couleur brune grade 2 &#8211; Ferme r\u00e9cr\u00e9ative Caza","og_description":"Les fibres naturelles d'alpaga apportent une douceur luxueuse au bout de vos doigts \u00e0 chaque contact. Notre ferme traite la fibre sans produits chimiques agressifs pour une sensation enti\u00e8rement naturelle qui est parfaite pour les projets cr\u00e9atifs comme le feutrage \u00e0 l'eau ou \u00e0 l'aiguille et le filage au rouet. La fibre de grade 2 est parfaite pour la cr\u00e9ations de produits qui seront port\u00e9s pr\u00e8s de la peau. M\u00eame les personnes \u00e0 la peau sensible peuvent appr\u00e9cier sa douceur.  Dimensions de la nappe de fibre: 39'' x 18''","og_url":"https:\/\/fermerecreativecaza.com\/en\/produit\/fibre-dalpaga-cardee-couleur-brune-grade-2-copie\/","og_site_name":"Ferme r\u00e9cr\u00e9ative Caza","article_publisher":"https:\/\/www.facebook.com\/fermerecreativecaza","article_modified_time":"2026-03-30T18:54:42+00:00","og_image":[{"width":1200,"height":1200,"url":"https:\/\/fermerecreativecaza.com\/wp-content\/uploads\/2023\/01\/butterscotch.png","type":"image\/png"}],"twitter_card":"summary_large_image","twitter_misc":{"Est. reading time":"1 minute"},"schema":{"@context":"https:\/\/schema.org","@graph":[{"@type":"WebPage","@id":"https:\/\/fermerecreativecaza.com\/en\/produit\/fibre-dalpaga-cardee-couleur-brune-grade-2-copie\/","url":"https:\/\/fermerecreativecaza.com\/en\/produit\/fibre-dalpaga-cardee-couleur-brune-grade-2-copie\/","name":"Fibre d'alpaga card\u00e9e de couleur brune grade 2 &#8211; Ferme r\u00e9cr\u00e9ative Caza","isPartOf":{"@id":"https:\/\/fermerecreativecaza.com\/en\/#website"},"primaryImageOfPage":{"@id":"https:\/\/fermerecreativecaza.com\/en\/produit\/fibre-dalpaga-cardee-couleur-brune-grade-2-copie\/#primaryimage"},"image":{"@id":"https:\/\/fermerecreativecaza.com\/en\/produit\/fibre-dalpaga-cardee-couleur-brune-grade-2-copie\/#primaryimage"},"thumbnailUrl":"https:\/\/fermerecreativecaza.com\/wp-content\/uploads\/2023\/01\/butterscotch.png","datePublished":"2023-01-23T01:54:56+00:00","dateModified":"2026-03-30T18:54:42+00:00","breadcrumb":{"@id":"https:\/\/fermerecreativecaza.com\/en\/produit\/fibre-dalpaga-cardee-couleur-brune-grade-2-copie\/#breadcrumb"},"inLanguage":"en-US","potentialAction":[{"@type":"ReadAction","target":["https:\/\/fermerecreativecaza.com\/en\/produit\/fibre-dalpaga-cardee-couleur-brune-grade-2-copie\/"]}]},{"@type":"ImageObject","inLanguage":"en-US","@id":"https:\/\/fermerecreativecaza.com\/en\/produit\/fibre-dalpaga-cardee-couleur-brune-grade-2-copie\/#primaryimage","url":"https:\/\/fermerecreativecaza.com\/wp-content\/uploads\/2023\/01\/butterscotch.png","contentUrl":"https:\/\/fermerecreativecaza.com\/wp-content\/uploads\/2023\/01\/butterscotch.png","width":1200,"height":1200,"caption":"Ferme R\u00e9cr\u00e9ative Caza et Alpagas - Fibre d'alpaga card\u00e9e de couleur brune grade 2"},{"@type":"BreadcrumbList","@id":"https:\/\/fermerecreativecaza.com\/en\/produit\/fibre-dalpaga-cardee-couleur-brune-grade-2-copie\/#breadcrumb","itemListElement":[{"@type":"ListItem","position":1,"name":"Accueil","item":"https:\/\/fermerecreativecaza.com\/en\/homepage\/"},{"@type":"ListItem","position":2,"name":"Boutique","item":"https:\/\/fermerecreativecaza.com\/?page_id=40"},{"@type":"ListItem","position":3,"name":"Fibre d&rsquo;alpaga card\u00e9e de couleur brune grade 2"}]},{"@type":"WebSite","@id":"https:\/\/fermerecreativecaza.com\/en\/#website","url":"https:\/\/fermerecreativecaza.com\/en\/","name":"Ferme r\u00e9cr\u00e9ative Caza","description":"My site","publisher":{"@id":"https:\/\/fermerecreativecaza.com\/en\/#organization"},"alternateName":"Ferme R\u00e9cr\u00e9ative Caza","potentialAction":[{"@type":"SearchAction","target":{"@type":"EntryPoint","urlTemplate":"https:\/\/fermerecreativecaza.com\/en\/?s={search_term_string}"},"query-input":{"@type":"PropertyValueSpecification","valueRequired":true,"valueName":"search_term_string"}}],"inLanguage":"en-US"},{"@type":"Organization","@id":"https:\/\/fermerecreativecaza.com\/en\/#organization","name":"Ferme R\u00e9cr\u00e9ative Caza et Alpagas","url":"https:\/\/fermerecreativecaza.com\/en\/","logo":{"@type":"ImageObject","inLanguage":"en-US","@id":"https:\/\/fermerecreativecaza.com\/en\/#\/schema\/logo\/image\/","url":"","contentUrl":"","caption":"Ferme R\u00e9cr\u00e9ative Caza et Alpagas"},"image":{"@id":"https:\/\/fermerecreativecaza.com\/en\/#\/schema\/logo\/image\/"},"sameAs":["https:\/\/www.facebook.com\/fermerecreativecaza","https:\/\/www.pinterest.ca\/julie_3583\/","https:\/\/www.instagram.com\/fermerecreativecaza"]}]}},"_links":{"self":[{"href":"https:\/\/fermerecreativecaza.com\/en\/wp-json\/wp\/v2\/product\/6668","targetHints":{"allow":["GET"]}}],"collection":[{"href":"https:\/\/fermerecreativecaza.com\/en\/wp-json\/wp\/v2\/product"}],"about":[{"href":"https:\/\/fermerecreativecaza.com\/en\/wp-json\/wp\/v2\/types\/product"}],"replies":[{"embeddable":true,"href":"https:\/\/fermerecreativecaza.com\/en\/wp-json\/wp\/v2\/comments?post=6668"}],"wp:featuredmedia":[{"embeddable":true,"href":"https:\/\/fermerecreativecaza.com\/en\/wp-json\/wp\/v2\/media\/6682"}],"wp:attachment":[{"href":"https:\/\/fermerecreativecaza.com\/en\/wp-json\/wp\/v2\/media?parent=6668"}],"wp:term":[{"taxonomy":"product_brand","embeddable":true,"href":"https:\/\/fermerecreativecaza.com\/en\/wp-json\/wp\/v2\/product_brand?post=6668"},{"taxonomy":"product_cat","embeddable":true,"href":"https:\/\/fermerecreativecaza.com\/en\/wp-json\/wp\/v2\/product_cat?post=6668"},{"taxonomy":"product_tag","embeddable":true,"href":"https:\/\/fermerecreativecaza.com\/en\/wp-json\/wp\/v2\/product_tag?post=6668"}],"curies":[{"name":"wp","href":"https:\/\/api.w.org\/{rel}","templated":true}]}}